{"id":348,"date":"2017-04-18T21:09:08","date_gmt":"2017-04-18T20:09:08","guid":{"rendered":"http:\/\/www.jacquesdechamplain.com\/histoire\/"},"modified":"2017-05-21T05:43:22","modified_gmt":"2017-05-21T04:43:22","slug":"histoire","status":"publish","type":"page","link":"https:\/\/www.jacquesdechamplain.com\/en\/foundation\/histoire\/","title":{"rendered":"History"},"content":{"rendered":"<div id=\"pl-348\"  class=\"panel-layout\" ><div id=\"pg-348-0\"  class=\"panel-grid panel-has-style\" ><div class=\"jdc-row-theme__white panel-row-style panel-row-style-for-348-0\" ><div id=\"pgc-348-0-0\"  class=\"panel-grid-cell\" ><div id=\"panel-348-0-0-0\" class=\"so-panel widget widget_sow-editor panel-first-child panel-last-child\" data-index=\"0\" ><div\n\t\t\t\n\t\t\tclass=\"so-widget-sow-editor so-widget-sow-editor-base\"\n\t\t\t\n\t\t><h3 class=\"widget-title\">History<\/h3>\n<div class=\"siteorigin-widget-tinymce textwidget\">\n\t<p>Dr. Jacques de Champlain died unexpectedly from a myocardial infarction on July 15, 2009. He was riding his bike in Richford, Vermont with his spouse and grand-children. They were on their way back to Sutton, less than 2 km from customs, when the tragedy occurred. Unfortunately, Dr. de Champlain did not receive the optimal prehospital care that was required for his condition. He would not have received optimal care either if he had suffered his cardiac arrest on the Canadian side of the border in the Eastern Townships, a region he was very fond of. In fact, there was no first responder service in place and no rapid access to cardiac defibrillation in this rural area.<\/p>\n<\/div>\n<\/div><\/div><\/div><div id=\"pgc-348-0-1\"  class=\"panel-grid-cell\" ><div id=\"panel-348-0-1-0\" class=\"so-panel widget widget_sow-image panel-first-child panel-last-child\" data-index=\"1\" ><div\n\t\t\t\n\t\t\tclass=\"so-widget-sow-image so-widget-sow-image-default-e4c2d9f6c920-348\"\n\t\t\t\n\t\t>\n<div class=\"sow-image-container\">\n\t\t<img \n\tsrc=\"https:\/\/static.jacquesdechamplain.com\/app\/uploads\/2017\/04\/jacques-champlain.jpg\" width=\"333\" height=\"393\" srcset=\"https:\/\/static.jacquesdechamplain.com\/app\/uploads\/2017\/04\/jacques-champlain.jpg 333w, https:\/\/static.jacquesdechamplain.com\/app\/uploads\/2017\/04\/jacques-champlain-254x300.jpg 254w\" sizes=\"(max-width: 333px) 100vw, 333px\" alt=\"\" \t\tclass=\"so-widget-image\"\/>\n\t<\/div>\n\n<\/div><\/div><\/div><\/div><\/div><div id=\"pg-348-1\"  class=\"panel-grid panel-has-style\" ><div class=\"siteorigin-panels-stretch jdc-row-theme__white panel-row-style panel-row-style-for-348-1\" data-stretch-type=\"full\" ><div id=\"pgc-348-1-0\"  class=\"panel-grid-cell\" ><div id=\"panel-348-1-0-0\" class=\"so-panel widget widget_sow-editor panel-first-child panel-last-child\" data-index=\"2\" ><div\n\t\t\t\n\t\t\tclass=\"so-widget-sow-editor so-widget-sow-editor-base\"\n\t\t\t\n\t\t><h3 class=\"widget-title\">Biography<\/h3>\n<div class=\"siteorigin-widget-tinymce textwidget\">\n\t<div class=\"text-columns\">\n<p>Born in Quebec City in 1938, Jacques de Champlain graduated in Medicine at Universit\u00e9 de Montreal in 1962 and was awarded his PhD in 1965 from Mc Gill University. He had the privilege to do his post-doctorate under the tutelage of Dr. Julius Axelrod at the National Institute of Mental Health (Bethesda, Maryland). Dr. Axelrod went on to win the Nobel Prize of Physiology or Medicine in 1970 for his neurotransmitter research. Dr. de Champlain returned to Canada in 1968 and joined the Physiology Department of Universit\u00e9 de Montreal as a professor and research scientist.<\/p>\n<p>In 1976, he became a member of the Medical Research Council (MRC) and a year later a member of its Executive Committee. He was a founding member, later Vice-President (1979- 1981) and finally President (1981-1982) of the Canadian Hypertension Society. He was also involved with the Canadian Society for Clinical Investigation as a Council Member from 1982-1984, then President-Elect in 1984-1985 and 1985-1986. He was a council member of the International Society of Hypertension, a council member of the Inter-American Society of Hypertension, a fellow of the Council for High Blood Pressure (American Heart Association) and a fellow of the Royal College of Physicians and Surgeons of Canada. In 1992, he was a founding member of the Soci\u00e9t\u00e9 qu\u00e9b\u00e9coise d\u2019hypertension and later became its President from 1997 to 1999.<\/p>\n<p>Dr. de Champlain was also actively involved in the organization of several major scientific seminars and was the President of the Organizing Committee for the 13th Scientific Meeting of the International Society of Hypertension which was held in Montreal in 1990 and attracted over 5000 delegates from 72 countries. He was on the editorial board of seven reputed international scientific periodicals and Associate Editor for the prestigious Journal of Hypertension.<\/p>\n<p>The most prestigious distinctions of the many he received are:<br \/>Prix Leo-Parizeau awarded by the Association canadienne-francaise pour l\u2019avancement des sciences (ACFAS, 1990); Research Achievement Award granted by the Canadian Cardiovascular Society (CCS, 1990); Career Achievement Award from the Canadian Hypertension Society (CHS, 1991); Prix Coeur Qu\u00e9bec-Argent of the Fondation des maladies du Coeur du Qu\u00e9bec (1991); The Izaak Walton Killam Prize awarded by the Canada Council for the Arts (1991). In May 1993 he became a fellow of the Canadian Royal Society in the Academies of Sciences and received its prestigious McLaughlin Medal in 1994. In 1996, he accepted the Wilder-Penfield Prize from the Quebec Government (Prix du Qu\u00e9bec) and in 1998, he was awarded the Career Achievement Award by l\u2019Association des m\u00e9decins de langue francaise du Canada (AMLFC). He was named Officer of the Order of Canada in 1997 followed by Officier de l\u2019Ordre National du Qu\u00e9bec in 1999.<\/p>\n<p>Dr. de Champlain was chosen M\u00e9decin de m\u00e9rite by the scientific magazine L\u2019Actualit\u00e9 M\u00e9dicale in 2000 and received the Queen Elizabeth II Golden Jubilee Medal awarded by the Governor General of Canada in 2002. In 2003 he was awarded the Ken Bowman Research Award from the Institute of Cardiovascular Sciences of the University of Manitoba. The Club de recherche clinique du Qu\u00e9bec awarded him with the Prix Michel-Sarrazin (1998) and later the Prix du mentor scientifique (2003). He was elected fellow of the American Heart Association (2001), of the International Academy of Cardiovascular Sciences (2002) and of the Canadian Academy of Health Sciences (2005).<\/p>\n<p>Dr. de Champlain pursued his research studies both at the physiology department of Universit\u00e9 de Montr\u00e9al and at the Institut de recherches cliniques de Montr\u00e9al of which he was named Director of the Autonomous Nervous System Clinical Research Lab in 2001. In 2003, he obtained the title of Emeritus Professor from Universit\u00e9 de Montr\u00e9al. He was a council member of the Canadian Institute of Circulatory and Respiratory Health (ICRH) since 2000.<\/p>\n<p>During his career, Dr. de Champlain published over 500 papers in some of the most recognized scientific journals and made over 500 presentations in scientific meetings and international conventions around the world. He participated in the publications of numerous textbook chapters and guidelines on the management and treatment of hypertension. At the time of his death, he was also treating more than 600 patients with various degrees of hypertension.<\/p>\n<p>Despite all the honors and awards he received, Jacques de Champlain was a modest and very generous man. He had many interests and lived life to its fullest; he was an inspiration for his peers, his students as well as his family and friends.<\/p>\n<p>He died unexpectedly while cycling in Vermont on July 15th 2009.<\/p>\n<p>The Jacques de Champlain Foundation honors his memory and aims to improve resuscitation\u00a0care and\u00a0support research in the cardiovascular field.<\/p>\n<\/div>\n<\/div>\n<\/div><\/div><\/div><\/div><\/div><\/div>","protected":false},"excerpt":{"rendered":"<p>Dr. Jacques de Champlain died unexpectedly from a myocardial infarction on July 15, 2009. He was riding his bike in Richford, Vermont with his spouse and grand-children. They were on their way back to Sutton, less than 2 km from customs, when the tragedy occurred. Unfortunately, Dr. de Champlain did not receive the optimal prehospital &hellip; <a href=\"https:\/\/www.jacquesdechamplain.com\/en\/foundation\/histoire\/\">Continued<\/a><\/p>\n","protected":false},"author":1,"featured_media":0,"parent":745,"menu_order":2,"comment_status":"closed","ping_status":"closed","template":"templates\/template-page.php","meta":{"_acf_changed":false,"footnotes":""},"class_list":["post-348","page","type-page","status-publish","hentry"],"acf":[],"yoast_head":"<!-- This site is optimized with the Yoast SEO plugin v23.8 - https:\/\/yoast.com\/wordpress\/plugins\/seo\/ -->\n<title>History - Fondation Jacques-de Champlain<\/title>\n<meta name=\"robots\" content=\"index, follow, max-snippet:-1, max-image-preview:large, max-video-preview:-1\" \/>\n<link rel=\"canonical\" href=\"https:\/\/www.jacquesdechamplain.com\/en\/foundation\/histoire\/\" \/>\n<meta property=\"og:locale\" content=\"en_US\" \/>\n<meta property=\"og:type\" content=\"article\" \/>\n<meta property=\"og:title\" content=\"History - Fondation Jacques-de Champlain\" \/>\n<meta property=\"og:description\" content=\"Dr. Jacques de Champlain died unexpectedly from a myocardial infarction on July 15, 2009. He was riding his bike in Richford, Vermont with his spouse and grand-children. They were on their way back to Sutton, less than 2 km from customs, when the tragedy occurred. Unfortunately, Dr. de Champlain did not receive the optimal prehospital &hellip; Continued\" \/>\n<meta property=\"og:url\" content=\"https:\/\/www.jacquesdechamplain.com\/en\/foundation\/histoire\/\" \/>\n<meta property=\"og:site_name\" content=\"Fondation Jacques-de Champlain\" \/>\n<meta property=\"article:modified_time\" content=\"2017-05-21T04:43:22+00:00\" \/>\n<meta name=\"twitter:card\" content=\"summary_large_image\" \/>\n<meta name=\"twitter:label1\" content=\"Est. reading time\" \/>\n\t<meta name=\"twitter:data1\" content=\"4 minutes\" \/>\n<script type=\"application\/ld+json\" class=\"yoast-schema-graph\">{\"@context\":\"https:\/\/schema.org\",\"@graph\":[{\"@type\":\"WebPage\",\"@id\":\"https:\/\/www.jacquesdechamplain.com\/en\/foundation\/histoire\/\",\"url\":\"https:\/\/www.jacquesdechamplain.com\/en\/foundation\/histoire\/\",\"name\":\"History - Fondation Jacques-de Champlain\",\"isPartOf\":{\"@id\":\"https:\/\/www.jacquesdechamplain.com\/#website\"},\"datePublished\":\"2017-04-18T20:09:08+00:00\",\"dateModified\":\"2017-05-21T04:43:22+00:00\",\"breadcrumb\":{\"@id\":\"https:\/\/www.jacquesdechamplain.com\/en\/foundation\/histoire\/#breadcrumb\"},\"inLanguage\":\"en-US\",\"potentialAction\":[{\"@type\":\"ReadAction\",\"target\":[\"https:\/\/www.jacquesdechamplain.com\/en\/foundation\/histoire\/\"]}]},{\"@type\":\"BreadcrumbList\",\"@id\":\"https:\/\/www.jacquesdechamplain.com\/en\/foundation\/histoire\/#breadcrumb\",\"itemListElement\":[{\"@type\":\"ListItem\",\"position\":1,\"name\":\"Home\",\"item\":\"https:\/\/www.jacquesdechamplain.com\/en\/\"},{\"@type\":\"ListItem\",\"position\":2,\"name\":\"Foundation\",\"item\":\"https:\/\/www.jacquesdechamplain.com\/en\/foundation\/\"},{\"@type\":\"ListItem\",\"position\":3,\"name\":\"History\"}]},{\"@type\":\"WebSite\",\"@id\":\"https:\/\/www.jacquesdechamplain.com\/#website\",\"url\":\"https:\/\/www.jacquesdechamplain.com\/\",\"name\":\"Fondation Jacques-de Champlain\",\"description\":\"Un site utilisant WordPress\",\"potentialAction\":[{\"@type\":\"SearchAction\",\"target\":{\"@type\":\"EntryPoint\",\"urlTemplate\":\"https:\/\/www.jacquesdechamplain.com\/?s={search_term_string}\"},\"query-input\":{\"@type\":\"PropertyValueSpecification\",\"valueRequired\":true,\"valueName\":\"search_term_string\"}}],\"inLanguage\":\"en-US\"}]}<\/script>\n<!-- \/ Yoast SEO plugin. -->","yoast_head_json":{"title":"History - Fondation Jacques-de Champlain","robots":{"index":"index","follow":"follow","max-snippet":"max-snippet:-1","max-image-preview":"max-image-preview:large","max-video-preview":"max-video-preview:-1"},"canonical":"https:\/\/www.jacquesdechamplain.com\/en\/foundation\/histoire\/","og_locale":"en_US","og_type":"article","og_title":"History - Fondation Jacques-de Champlain","og_description":"Dr. Jacques de Champlain died unexpectedly from a myocardial infarction on July 15, 2009. He was riding his bike in Richford, Vermont with his spouse and grand-children. They were on their way back to Sutton, less than 2 km from customs, when the tragedy occurred. Unfortunately, Dr. de Champlain did not receive the optimal prehospital &hellip; Continued","og_url":"https:\/\/www.jacquesdechamplain.com\/en\/foundation\/histoire\/","og_site_name":"Fondation Jacques-de Champlain","article_modified_time":"2017-05-21T04:43:22+00:00","twitter_card":"summary_large_image","twitter_misc":{"Est. reading time":"4 minutes"},"schema":{"@context":"https:\/\/schema.org","@graph":[{"@type":"WebPage","@id":"https:\/\/www.jacquesdechamplain.com\/en\/foundation\/histoire\/","url":"https:\/\/www.jacquesdechamplain.com\/en\/foundation\/histoire\/","name":"History - Fondation Jacques-de Champlain","isPartOf":{"@id":"https:\/\/www.jacquesdechamplain.com\/#website"},"datePublished":"2017-04-18T20:09:08+00:00","dateModified":"2017-05-21T04:43:22+00:00","breadcrumb":{"@id":"https:\/\/www.jacquesdechamplain.com\/en\/foundation\/histoire\/#breadcrumb"},"inLanguage":"en-US","potentialAction":[{"@type":"ReadAction","target":["https:\/\/www.jacquesdechamplain.com\/en\/foundation\/histoire\/"]}]},{"@type":"BreadcrumbList","@id":"https:\/\/www.jacquesdechamplain.com\/en\/foundation\/histoire\/#breadcrumb","itemListElement":[{"@type":"ListItem","position":1,"name":"Home","item":"https:\/\/www.jacquesdechamplain.com\/en\/"},{"@type":"ListItem","position":2,"name":"Foundation","item":"https:\/\/www.jacquesdechamplain.com\/en\/foundation\/"},{"@type":"ListItem","position":3,"name":"History"}]},{"@type":"WebSite","@id":"https:\/\/www.jacquesdechamplain.com\/#website","url":"https:\/\/www.jacquesdechamplain.com\/","name":"Fondation Jacques-de Champlain","description":"Un site utilisant WordPress","potentialAction":[{"@type":"SearchAction","target":{"@type":"EntryPoint","urlTemplate":"https:\/\/www.jacquesdechamplain.com\/?s={search_term_string}"},"query-input":{"@type":"PropertyValueSpecification","valueRequired":true,"valueName":"search_term_string"}}],"inLanguage":"en-US"}]}},"_links":{"self":[{"href":"https:\/\/www.jacquesdechamplain.com\/en\/wp-json\/wp\/v2\/pages\/348"}],"collection":[{"href":"https:\/\/www.jacquesdechamplain.com\/en\/wp-json\/wp\/v2\/pages"}],"about":[{"href":"https:\/\/www.jacquesdechamplain.com\/en\/wp-json\/wp\/v2\/types\/page"}],"author":[{"embeddable":true,"href":"https:\/\/www.jacquesdechamplain.com\/en\/wp-json\/wp\/v2\/users\/1"}],"replies":[{"embeddable":true,"href":"https:\/\/www.jacquesdechamplain.com\/en\/wp-json\/wp\/v2\/comments?post=348"}],"version-history":[{"count":17,"href":"https:\/\/www.jacquesdechamplain.com\/en\/wp-json\/wp\/v2\/pages\/348\/revisions"}],"predecessor-version":[{"id":1295,"href":"https:\/\/www.jacquesdechamplain.com\/en\/wp-json\/wp\/v2\/pages\/348\/revisions\/1295"}],"up":[{"embeddable":true,"href":"https:\/\/www.jacquesdechamplain.com\/en\/wp-json\/wp\/v2\/pages\/745"}],"wp:attachment":[{"href":"https:\/\/www.jacquesdechamplain.com\/en\/wp-json\/wp\/v2\/media?parent=348"}],"curies":[{"name":"wp","href":"https:\/\/api.w.org\/{rel}","templated":true}]}}